{"id":687,"date":"2016-06-22T10:14:46","date_gmt":"2016-06-22T09:14:46","guid":{"rendered":"http:\/\/www.divipassion.com\/?page_id=687"},"modified":"2022-03-30T17:20:33","modified_gmt":"2022-03-30T16:20:33","slug":"notre-offre","status":"publish","type":"page","link":"https:\/\/www.divipassion.com\/?page_id=687","title":{"rendered":"Notre offre"},"content":{"rendered":"<h2 class=\"western\"><span style=\"color: #800080;\">Qui sommes nous ?<\/span><\/h2>\n<ul>\n<li>Une petite vid\u00e9o sur nos activit\u00e9s :\u00a0<a href=\"https:\/\/youtu.be\/NmHDJ-77ttI\">https:\/\/youtu.be\/NmHDJ-77ttI<\/a><\/li>\n<\/ul>\n<h2 class=\"western\"><span style=\"color: #800080;\">NOS POSSIBILITES TECHNIQUES<\/span><\/h2>\n<ul>\n<li>\n<p class=\"western\"><span style=\"font-size: 24px;\"><a name=\"docs-internal-guid-94d9d88f-6e7f-22d8-6f\"><\/a>\u00a0<span style=\"font-size: 16px;\">R<\/span><span style=\"font-size: 16px;\">\u00e9aliser du live Internet gr\u00e2ce \u00e0 un convertisseur DVI<\/span><\/span><\/p>\n<\/li>\n<li><span style=\"font-size: 16px;\">Visibilit\u00e9 accrue des vid\u00e9os r\u00e9alis\u00e9es par une approche Internet : <strong>diffuser sur un compte pro dailymotion<\/strong> (plus de 50000 visiteurs, plus de 220 vid\u00e9os en 2016), <strong>offre webtTV<\/strong> pour diffusion sur site sp\u00e9cifique pour les associations locales : <a href=\"http:\/\/assoessonnetv.fr\/\">assoessonnetv<\/a><\/span><\/li>\n<\/ul>\n<p style=\"text-align: right;\"><a href=\"http:\/\/assoessonnetv.fr\/?page_id=15\">fomulaire de contact<\/a><\/p>\n<p style=\"text-align: left;\">Nos ressources ouvertes aux adh\u00e9rents \/ voir page <a href=\"https:\/\/www.divipassion.com\/?page_id=658\">Vie associative<\/a><\/p>\n<h1 style=\"text-align: center;\"><span style=\"color: #800080;\"><a href=\"https:\/\/www.divipassion.com\/?page_id=11\">VERS LES ASSOCIATIONS<\/a><\/span><\/h1>\n<p>Notre objectif : se mettre au service d\u2019associations pour leur communication audiovisuelle, pour:<\/p>\n<ul>\n<li>Pr\u00e9senter leurs activit\u00e9s<\/li>\n<li>Rendre compte des r\u00e9alisations, des \u00e9v\u00e9nements ;\u00a0 ex <strong>Modern Jazz<\/strong> \u00e0 Gif sur Yvette\u00a0 et \u00e0 Morangis depuis plusieurs ann\u00e9es, Divipassion cr\u00e9e un DVD qu&rsquo;ils distribuent \u00e0 leurs membres<\/li>\n<li>Susciter l\u2019int\u00e9r\u00eat de futurs adh\u00e9rents Comment ?<\/li>\n<li>Par la cr\u00e9ation d\u2019un portail WEBTV h\u00e9bergeant des vid\u00e9os sous le label \u00ab Associations Essonne TV<\/li>\n<li><a href=\"https:\/\/www.divipassion.com\/?page_id=11\">voir la page d\u00e9taill\u00e9e pour les associations<br \/>\n<\/a><\/li>\n<\/ul>\n<h1 style=\"text-align: center;\"><span style=\"color: #800080;\">VERS LES INSTITUTIONS<\/span><\/h1>\n<p>Par convention ou contrat pass\u00e9 avec la Ville, le D\u00e9partement, la Communaut\u00e9 de communes, mais aussi des institutions ou associations \u00e0 caract\u00e8re national. Exemples :<\/p>\n<ul>\n<li>Enregistrement en live et\/ou diffusion streaming sur internet d&rsquo;\u00e9v\u00e9nements : journ\u00e9e d&rsquo;AG d<em><strong>&lsquo;Action contre la faim,<\/strong><\/em> (2016, 2017) colloques divers,d\u00e9bats en ligne mais non enregistr\u00e9s si souhait\u00e9s &#8230;<\/li>\n<li>Production de DVD, m\u00e9moire d&rsquo;\u00e9v\u00e9nements : s\u00e9minaire d&rsquo;une semaine de l<em><strong>&lsquo;Institut du Service Civique<\/strong> <\/em>( <a href=\"http:\/\/www.dailymotion.com\/video\/x27q5ph_teaser-seminaire-institut-du-service-civique_news\">Teaser S\u00e9minaire Institut du Service<\/a>), Etats g\u00e9n\u00e9raux d&rsquo;<strong><em>HUMACOOP<\/em><\/strong>&#8230;<\/li>\n<li>Exemples r\u00e9alis\u00e9s pour la Ville ,\n<ul>\n<li>M\u00e9moire ou pr\u00e9sentation de sites :<em> N7, Mus\u00e9e Delta, Jardin Jovet, m\u00e9diath\u00e8que<\/em><\/li>\n<li>M\u00e9moire d&rsquo;\u00e9v\u00e9nements : f\u00eate des associations, \u00e9v\u00e9nements multiples de quartier, Halloween,<\/li>\n<li>Lien avec des actions jeunes<\/li>\n<li>M\u00e9moire d&rsquo;itin\u00e9raires personnels : <em><strong>Regards de Femmes<\/strong><\/em> r\u00e9alis\u00e9 pour des femmes du Noyer Renard \u00e0 Athis-Mons est repris sur Grand Vaux \u00e0 Savigny en 2017<\/li>\n<\/ul>\n<\/li>\n<\/ul>\n<p style=\"text-align: right;\"><a href=\"https:\/\/www.divipassion.com\/?page_id=833\" target=\"_blank\" rel=\"noopener noreferrer\"><u>formulaire de contact<\/u><\/a><\/p>\n<h2 class=\"western\" style=\"text-align: center;\"><span style=\"color: #800080;\">VERS LES PARTICULIERS<\/span><\/h2>\n<ul>\n<li>\n<p class=\"western\">Nouveaut\u00e9 : R\u00e9alisation de <strong>CV vid\u00e9os<\/strong>,\u00a0 <u><a href=\"http:\/\/www.dailymotion.com\/playlist\/x45ps4_DiViPassion_cv-video\">playlist Youtube du pilote<\/a> r\u00e9alis\u00e9 pour le <em>Forum des m\u00e9tiers Coeur d&rsquo;orl<\/em>y , en lien avec la Mission locale pour l&#8217;emploi<\/u><\/p>\n<\/li>\n<li>\n<p class=\"western\"><u><\/u>Accompagnement de projet vid\u00e9o personnel &#8211; formations<\/p>\n<\/li>\n<li>\n<p class=\"western\">Num\u00e9risation de K7, de films super8&#8230;<\/p>\n<p class=\"western\" style=\"text-align: center;\"><a href=\"https:\/\/www.divipassion.com\/?page_id=20\" target=\"_blank\" rel=\"noopener noreferrer\"><u>Offre aux particuliers et RDV f\u00eate des associations 1er dimanche de septembre<\/u><\/a><\/p>\n<p class=\"western\" style=\"text-align: right;\"><a href=\"https:\/\/www.divipassion.com\/?page_id=833\" target=\"_blank\" rel=\"noopener noreferrer\"><u>formulaire de contact<br \/>\n<\/u><\/a><\/p>\n<\/li>\n<\/ul>\n<h2 class=\"western\"><\/h2>\n","protected":false},"excerpt":{"rendered":"<p>Qui sommes nous ? Une petite vid\u00e9o sur nos activit\u00e9s :\u00a0https:\/\/youtu.be\/NmHDJ-77ttI NOS POSSIBILITES TECHNIQUES \u00a0R\u00e9aliser du live Internet gr\u00e2ce \u00e0 un convertisseur DVI Visibilit\u00e9 accrue des vid\u00e9os r\u00e9alis\u00e9es par une approche Internet : diffuser sur un compte pro dailymotion (plus &hellip; <a href=\"https:\/\/www.divipassion.com\/?page_id=687\">Lire la suite <span class=\"meta-nav\">&rarr;<\/span><\/a><\/p>\n","protected":false},"author":2,"featured_media":0,"parent":0,"menu_order":0,"comment_status":"closed","ping_status":"closed","template":"","meta":{"footnotes":""},"class_list":["post-687","page","type-page","status-publish","hentry"],"_links":{"self":[{"href":"https:\/\/www.divipassion.com\/index.php?rest_route=\/wp\/v2\/pages\/687","targetHints":{"allow":["GET"]}}],"collection":[{"href":"https:\/\/www.divipassion.com\/index.php?rest_route=\/wp\/v2\/pages"}],"about":[{"href":"https:\/\/www.divipassion.com\/index.php?rest_route=\/wp\/v2\/types\/page"}],"author":[{"embeddable":true,"href":"https:\/\/www.divipassion.com\/index.php?rest_route=\/wp\/v2\/users\/2"}],"replies":[{"embeddable":true,"href":"https:\/\/www.divipassion.com\/index.php?rest_route=%2Fwp%2Fv2%2Fcomments&post=687"}],"version-history":[{"count":25,"href":"https:\/\/www.divipassion.com\/index.php?rest_route=\/wp\/v2\/pages\/687\/revisions"}],"predecessor-version":[{"id":1489,"href":"https:\/\/www.divipassion.com\/index.php?rest_route=\/wp\/v2\/pages\/687\/revisions\/1489"}],"wp:attachment":[{"href":"https:\/\/www.divipassion.com\/index.php?rest_route=%2Fwp%2Fv2%2Fmedia&parent=687"}],"curies":[{"name":"wp","href":"https:\/\/api.w.org\/{rel}","templated":true}]}}