{"id":680,"date":"2016-06-22T10:08:32","date_gmt":"2016-06-22T09:08:32","guid":{"rendered":"http:\/\/www.divipassion.com\/?page_id=680"},"modified":"2016-07-05T16:48:00","modified_gmt":"2016-07-05T15:48:00","slug":"evenements-culturels","status":"publish","type":"page","link":"https:\/\/www.divipassion.com\/?page_id=680","title":{"rendered":"\u00c9v\u00e9nements culturels"},"content":{"rendered":"<h1><span style=\"color: #800080; background-color: #ffffff;\">Spectacles<\/span><\/h1>\n<ul>\n<li>\n<h2><span style=\"color: #800080; background-color: #ffffff;\">De th\u00e9\u00e2tre<\/span><\/h2>\n<ul>\n<li>\n<h2><span style=\"color: #800080; background-color: #ffffff;\"><em>au th\u00e9\u00e2tre Relais<\/em> \u00e0 Paray Vieille poste<\/span><\/h2>\n<\/li>\n<\/ul>\n<\/li>\n<\/ul>\n<div align=\"right\">\n<table width=\"642\" cellspacing=\"0\" cellpadding=\"0\">\n<colgroup>\n<col width=\"200\" \/>\n<col width=\"200\" \/>\n<col width=\"153\" \/>\n<col width=\"200\" \/> <\/colgroup>\n<tbody>\n<tr valign=\"top\">\n<td style=\"text-align: center;\" width=\"200\"><strong>Titre des pi\u00e8ces mont\u00e9es en DVD par Divipassion<\/strong><\/td>\n<td style=\"text-align: center;\" width=\"200\"><strong>Auteur<\/strong><\/td>\n<td style=\"text-align: center;\" width=\"153\"><strong>Metteur en sc\u00e8ne<\/strong><\/td>\n<td style=\"text-align: center;\" width=\"152\"><strong>Date de la captation<\/strong><\/td>\n<\/tr>\n<tr valign=\"top\">\n<td style=\"text-align: center;\" width=\"151\"><em>Une soir\u00e9e, quatre pi\u00e8ces<\/em><\/td>\n<td style=\"text-align: center;\" width=\"152\">Florence Savignac, Philippe Blasband, Jean-michel Besson, Pierre Martinez<\/td>\n<td style=\"text-align: center;\" width=\"153\"><\/td>\n<td style=\"text-align: center;\" width=\"152\">2014 17\/05\/14<\/td>\n<\/tr>\n<tr valign=\"top\">\n<td style=\"text-align: center;\" width=\"151\"><em>Une soir\u00e9e, quatre pi\u00e8ces ou les tribulations du couple<\/em><\/td>\n<td style=\"text-align: center;\" width=\"152\">\n<ul>Pascal Martin, Anton Tchekhov, Karl Valentin, R\u00e9mi de Vos<\/ul>\n<\/td>\n<td style=\"text-align: center;\" width=\"153\"><\/td>\n<td style=\"text-align: center;\" width=\"152\">\n<ul>2013 20\/04\/13<\/ul>\n<\/td>\n<\/tr>\n<tr valign=\"top\">\n<td style=\"text-align: center;\" width=\"151\"><em>Jour de neige<\/em><\/td>\n<td style=\"text-align: center;\" width=\"152\">\n<ul>Elsa Valensi<\/ul>\n<\/td>\n<td style=\"text-align: center;\" width=\"153\">\n<ul>Bruno Millerioux<\/ul>\n<\/td>\n<td style=\"text-align: center;\" width=\"152\">\n<ul>2012 30\/10\/12<\/ul>\n<p class=\"western\">2011 26\/11\/11<\/p>\n<\/td>\n<\/tr>\n<tr valign=\"top\">\n<td style=\"text-align: center;\" width=\"151\"><em>La chambre mandarine<\/em><\/td>\n<td style=\"text-align: center;\" width=\"152\">\n<ul>Robert Thomas<\/ul>\n<\/td>\n<td style=\"text-align: center;\" width=\"153\">\n<ul>Carole Genot<\/ul>\n<\/td>\n<td style=\"text-align: center;\" width=\"152\">\n<ul>2012 24\/11\/12<\/ul>\n<\/td>\n<\/tr>\n<tr valign=\"top\">\n<td style=\"text-align: center;\" width=\"151\"><em>Les Humoureux<\/em><\/td>\n<td style=\"text-align: center;\" width=\"152\"><\/td>\n<td style=\"text-align: center;\" width=\"153\">\n<ul>Emel Bourahli<\/ul>\n<\/td>\n<td style=\"text-align: center;\" width=\"152\">\n<ul>2012 28\/04\/12<\/ul>\n<\/td>\n<\/tr>\n<tr valign=\"top\">\n<td style=\"text-align: center;\" width=\"151\"><em>Le grand bain<\/em><\/td>\n<td style=\"text-align: center;\" width=\"152\">\n<ul>Cl\u00e9ment Michel<\/ul>\n<\/td>\n<td style=\"text-align: center;\" width=\"153\">\n<ul>Marc Diabira<\/ul>\n<\/td>\n<td style=\"text-align: center;\" width=\"152\">\n<ul>2012 18\/02\/12<\/ul>\n<\/td>\n<\/tr>\n<tr valign=\"top\">\n<td style=\"text-align: center;\" width=\"151\"><em>8 Femmes<\/em><\/td>\n<td style=\"text-align: center;\" width=\"152\">\n<ul>Robert Thomas<\/ul>\n<\/td>\n<td style=\"text-align: center;\" width=\"153\">\n<ul>Carole G\u00e9not<\/ul>\n<\/td>\n<td style=\"text-align: center;\" width=\"152\">\n<ul>2011 29\/01\/11<\/ul>\n<\/td>\n<\/tr>\n<tr valign=\"top\">\n<td style=\"text-align: center;\" width=\"151\"><em>Le roi est mort<\/em><\/td>\n<td style=\"text-align: center;\" width=\"152\">\n<ul>Vincent Dhvgre<\/ul>\n<\/td>\n<td style=\"text-align: center;\" width=\"153\">\n<ul>Dominique Fleury<\/ul>\n<\/td>\n<td style=\"text-align: center;\" width=\"152\">\n<ul>2011 26\/02\/11<\/ul>\n<\/td>\n<\/tr>\n<tr valign=\"top\">\n<td style=\"text-align: center;\" width=\"151\"><em>La fille \u00e0 la trompette<\/em><\/td>\n<td style=\"text-align: center;\" width=\"152\">\n<ul>Jacques Rampal<\/ul>\n<\/td>\n<td style=\"text-align: center;\" width=\"153\">\n<ul>Jacques Rampal<\/ul>\n<\/td>\n<td style=\"text-align: center;\" width=\"152\">\n<ul>2010 23\/10\/10<\/ul>\n<\/td>\n<\/tr>\n<tr valign=\"top\">\n<td style=\"text-align: center;\" width=\"151\"><em>Les pas perdus<\/em><\/td>\n<td style=\"text-align: center;\" width=\"152\">\n<ul>Denise Bonal<\/ul>\n<\/td>\n<td style=\"text-align: center;\" width=\"153\">\n<ul>Antonin Bouillot<\/ul>\n<\/td>\n<td style=\"text-align: center;\" width=\"152\">\n<ul>2010 20\/03\/10<\/ul>\n<\/td>\n<\/tr>\n<tr valign=\"top\">\n<td style=\"text-align: center;\" width=\"151\"><em>F\u00eate des humoureux<\/em><\/td>\n<td style=\"text-align: center;\" width=\"152\">\n<ul>La troupe<\/ul>\n<\/td>\n<td style=\"text-align: center;\" width=\"153\"><\/td>\n<td style=\"text-align: center;\" width=\"152\">\n<ul>2010 13\/02\/10<\/ul>\n<\/td>\n<\/tr>\n<tr valign=\"top\">\n<td style=\"text-align: center;\" width=\"151\"><em>Trois impromptus<\/em><\/td>\n<td style=\"text-align: center;\" width=\"152\">\n<ul>Ren\u00e9 de Obaldia<\/ul>\n<\/td>\n<td style=\"text-align: center;\" width=\"153\">\n<ul>Bruno Millerioux<\/ul>\n<\/td>\n<td style=\"text-align: center;\" width=\"152\">\n<ul>2009 13\/11\/09<\/ul>\n<\/td>\n<\/tr>\n<tr valign=\"top\">\n<td style=\"text-align: center;\" width=\"151\"><em>Ne fermez pas le cercueil<\/em><\/td>\n<td style=\"text-align: center;\" width=\"152\">\n<ul>Phillippe Caure<\/ul>\n<\/td>\n<td style=\"text-align: center;\" width=\"153\">\n<ul>\n<ul>Emel Bourahli<\/ul>\n<\/ul>\n<p class=\"western\">Sophie Peduzzi<\/p>\n<\/td>\n<td style=\"text-align: center;\" width=\"152\">\n<ul>2009 ??\/03\/09<\/ul>\n<\/td>\n<\/tr>\n<tr valign=\"top\">\n<td style=\"text-align: center;\" width=\"151\"><em>La princesse aux toilettes<\/em><\/td>\n<td style=\"text-align: center;\" width=\"152\">\n<ul>R\u00e9gis Porte<\/ul>\n<\/td>\n<td style=\"text-align: center;\" width=\"153\">\n<ul>Antonin Bouillot<\/ul>\n<\/td>\n<td style=\"text-align: center;\" width=\"152\">\n<ul>2009 17\/10\/09<\/ul>\n<\/td>\n<\/tr>\n<tr valign=\"top\">\n<td style=\"text-align: center;\" width=\"151\"><em>F\u00eate des humoureux<\/em><\/td>\n<td style=\"text-align: center;\" width=\"152\">\n<ul>La troupe<\/ul>\n<\/td>\n<td style=\"text-align: center;\" width=\"153\"><\/td>\n<td style=\"text-align: center;\" width=\"152\">\n<ul>2009 ??\/02\/09<\/ul>\n<\/td>\n<\/tr>\n<tr valign=\"top\">\n<td style=\"text-align: center;\" width=\"151\"><em>Fait sa crise&#8230;de rire<\/em><\/td>\n<td style=\"text-align: center;\" width=\"152\">\n<ul>La troupe<\/ul>\n<\/td>\n<td style=\"text-align: center;\" width=\"153\"><\/td>\n<td style=\"text-align: center;\" width=\"152\">\n<ul>2008 ??\/11\/08<\/ul>\n<\/td>\n<\/tr>\n<tr valign=\"top\">\n<td style=\"text-align: center;\" width=\"151\"><em>Bonne fortune et infortune<\/em><\/td>\n<td style=\"text-align: center;\" width=\"152\">Nathalie Mari-Cl\u00e9men<\/td>\n<td style=\"text-align: center;\" width=\"153\">Antonin Bouillot<\/td>\n<td style=\"text-align: center;\" width=\"152\">2008 ??\/10\/08<\/td>\n<\/tr>\n<tr valign=\"top\">\n<td style=\"text-align: center;\" width=\"151\"><em>Le serment d&rsquo;Hippocrate<\/em><\/td>\n<td style=\"text-align: center;\" width=\"152\">Louis Calaferte, Bruno Millerioux<\/td>\n<td style=\"text-align: center;\" width=\"153\"><\/td>\n<td style=\"text-align: center;\" width=\"152\"><\/td>\n<\/tr>\n<\/tbody>\n<\/table>\n<\/div>\n<p>Toutes les pi\u00e8ces sont enregistr\u00e9es depuis des ann\u00e9es au long des saisons du <strong><em>Th\u00e9\u00e2tre du Relais<\/em><\/strong>: : quelques teasers sont visibles sur la playlist : <span style=\"color: #000080;\"><span lang=\"zxx\"><a href=\"http:\/\/www.dailymotion.com\/playlist\/x1bt6k_DiViPassion_theatre-du-relais\"><span style=\"color: #0066dc;\">Th\u00e9\u00e2tre du Relais\u00a0<\/span><\/a><span style=\"color: #0066dc;\">\u00a0 (Jour de neige, Les pas perdus, L&rsquo;amour presque parfait, Le roi est mort&#8230;)<\/span><\/span><\/span><\/p>\n<p style=\"padding-left: 90px;\"><span style=\"color: #800080; font-size: 20px;\"><strong>autres pi\u00e8ces<\/strong><\/span><\/p>\n<ul>\n<li class=\"western\">\n<h3 class=\"western\"><a href=\"http:\/\/www.dailymotion.com\/video\/x41cz6x_comment-une-meuf-de-banlieue-peut-couler-les-soeurs-en-scene_fun\">\u00a0\u00bb Comment une meuf de banlieue peut couler\u00a0\u00bb Les soeurs&#8230; <\/a><\/h3>\n<\/li>\n<\/ul>\n<h2><span style=\"color: #800080;\">Musique<\/span> :<\/h2>\n<ul>\n<li class=\"western\"><strong><em>Ensemble Choral des Portes de l&rsquo;Essonne<\/em><\/strong> (concert Haydn,hasse) \u00e0 l&rsquo;\u00e9glise St Denis d&rsquo;Athis-Mons)<\/li>\n<li class=\"western\">Festival Guitar&rsquo;Essonne\u00a0\u00a0\u00a0 <a href=\"http:\/\/divipassion.over-blog.com\/article-festival-internationnal-guitar-essonne-37489066.html\">Festival Internationnal Guitar&rsquo; Essonne<\/a><\/li>\n<li class=\"western\">\n<h3><a href=\"http:\/\/www.dailymotion.com\/video\/xj3jya_atelier-chant-lyrique_music\">ATElier chant lyrique<\/a><\/h3>\n<\/li>\n<li class=\"western\"><strong>Concerts<\/strong> organis\u00e9s par la <strong>m\u00e9diath\u00e8que<\/strong> : playlist : <span style=\"color: #000080;\"><span lang=\"zxx\"><a href=\"http:\/\/www.dailymotion.com\/playlist\/x2awwc_DiViPassion_les-deconcertants\"><span style=\"color: #0066dc;\">Les d\u00e9CONCERTants<\/span><\/a><\/span><\/span><\/li>\n<li class=\"western\">\n<p class=\"western\"><a href=\"http:\/\/divipassion.over-blog.com\/article-val-art-pas-de-quartier-cirque-actuel-68830591.html\"><em>Val&rsquo;Art &#8211; Pas de quartier<\/em> <em>&#8211; <strong>Cirque<\/strong> actuel , avec les Fr\u00e8res Kazamaroffs\u00a0<\/em><\/a><\/p>\n<\/li>\n<li class=\"western\">Danse :<span style=\"color: #000080;\"><span lang=\"zxx\"><a href=\"http:\/\/www.dailymotion.com\/playlist\/x1pkkt_DiViPassion_too-high-spirit-ths\"><span style=\"color: #0066dc;\">Too High Spirit (THS)<\/span><\/a><\/span><\/span><\/li>\n<\/ul>\n<h2><span style=\"color: #800080;\">Conf\u00e9rences, colloques<\/span><\/h2>\n<ul>\n<li>Colloques <em><strong>Suppl\u00e9ments d&rsquo;elles<\/strong><\/em> <em>Du je au nous<\/em> 4 s\u00e9ances,<em> R\u00e9sistance et\/ou r\u00e9silience<\/em> 3 s\u00e9ances,<\/li>\n<li>colloque ICEE et ECF : diffusion en live sur 2 jours<\/li>\n<li>conf\u00e9rences et des ateliers du <em><strong>Festival EMA<\/strong><\/em> sur les usages num\u00e9riques. Playlists :\n<ul>\n<li class=\"western\"><span style=\"color: #000080;\"><span lang=\"zxx\"><a href=\"http:\/\/www.dailymotion.com\/playlist\/x1abm4_DiViPassion_festival-ema-les-reseaux-sociaux\"><span style=\"color: #0066dc;\">Festival EMA les r\u00e9seaux sociau\u2026<\/span><\/a><\/span><\/span><\/li>\n<li class=\"western\"><span style=\"color: #000080;\"><span lang=\"zxx\"><a href=\"http:\/\/www.dailymotion.com\/playlist\/x1pkk2_DiViPassion_festival-usages-numeriques\"><span style=\"color: #0066dc;\">Festival Usages Num\u00e9riques<\/span><\/a><\/span><\/span><\/li>\n<\/ul>\n<\/li>\n<\/ul>\n<h2 class=\"western\"><span style=\"color: #800080;\">Animations propos\u00e9es par des associations<\/span><\/h2>\n<ul>\n<li class=\"western\">Spectacles annuels de <strong><em>Modern Jazz<\/em><\/strong> \u00e0 Morangis et \u00e0 Gif-sur-Yvette<\/li>\n<li class=\"western\"><strong><em>Gym volontaire<\/em><\/strong><\/li>\n<li class=\"western\"><strong><em>Val&rsquo;art<\/em> <\/strong>de l&rsquo;Espace Coluche : Dans le cadre de \u00ab\u00a0<em>La marche du Ruban Rose\u00a0\u00bb<\/em> pour la pr\u00e9vention du cancer du sein,\u00a0 au Jardin du Lxembourg.<\/li>\n<li class=\"western\">Visite du domaine de Chamarande et de l&rsquo;exposition de Rainier Lericolais dans le cadre du projet Val&rsquo;Art.<\/li>\n<\/ul>\n<p>Voir les playlists\u00a0 <span style=\"color: #000080;\"><span lang=\"zxx\"><a href=\"http:\/\/www.dailymotion.com\/playlist\/x25ine_DiViPassion_val-art-saison-2\"><span style=\"color: #0066dc;\">Val Art Saison 2,\u00a0 <\/span><\/a><\/span><\/span><span style=\"color: #000080;\"><span lang=\"zxx\"><a href=\"http:\/\/www.dailymotion.com\/playlist\/x1iqtx_DiViPassion_val-art-saison-1\"><span style=\"color: #0066dc;\">Val&rsquo;Art saison 1 (avec les projets avec les scolaires St Exup\u00e9ry primaire et maternelle)<\/span><\/a><\/span><\/span><\/p>\n<h2 class=\"western\"><span style=\"color: #800080;\">Interviews<\/span><\/h2>\n<p><span lang=\"zxx\"><a href=\"http:\/\/www.dailymotion.com\/playlist\/x1pvcd_DiViPassion_regards-d-artistes\">Regards d&rsquo;artistes<\/a><\/span><\/p>\n<h2 class=\"western\"><span style=\"color: #800080;\">Spectacles autour du sport<\/span><\/h2>\n<ul>\n<li>Telethon &#8211; Marathon de danse pde USOAM danse Athis-Mons<\/li>\n<li>Regards de Too High Spirit<\/li>\n<li>Pearl Harbor &#8211; com\u00e9die musicale USOAM Danse<\/li>\n<li>Mita Mita &#8211; 2\u00e8me Ann\u00e9e<\/li>\n<li>Mita Mita 2 i\u00e8me ann\u00e9e<\/li>\n<li>Les s\u00e9l\u00e9nites : contorsionistes<\/li>\n<li><a href=\"http:\/\/www.dailymotion.com\/video\/xf18x7_scorpion-club-athis-mons_sport\">Scorpion Club Athis-Mons <\/a>: la boxe !<\/li>\n<li>VTT essonnien<\/li>\n<\/ul>\n<p><span style=\"font-weight: 300;\">\u00a0\u00a0<\/span><a style=\"font-weight: 300;\" href=\"https:\/\/www.divipassion.com\/wp-content\/uploads\/2016\/06\/vtt_essonnien2-e1467123880252.jpg\"><img loading=\"lazy\" decoding=\"async\" class=\"size-full wp-image-793 alignnone\" src=\"https:\/\/www.divipassion.com\/wp-content\/uploads\/2016\/06\/vtt_essonnien2-e1467123880252.jpg\" alt=\"vtt_essonnien2\" width=\"70\" height=\"53\" \/><\/a><\/p>\n<p class=\"western\">Playlist :<span style=\"color: #000080;\"><span lang=\"zxx\"><a href=\"http:\/\/www.dailymotion.com\/playlist\/x281jd_DiViPassion_culture\"><span style=\"color: #0066dc;\">CULTURE<\/span><\/a><\/span><\/span><\/p>\n","protected":false},"excerpt":{"rendered":"<p>Spectacles De th\u00e9\u00e2tre au th\u00e9\u00e2tre Relais \u00e0 Paray Vieille poste Titre des pi\u00e8ces mont\u00e9es en DVD par Divipassion Auteur Metteur en sc\u00e8ne Date de la captation Une soir\u00e9e, quatre pi\u00e8ces Florence Savignac, Philippe Blasband, Jean-michel Besson, Pierre Martinez 2014 17\/05\/14 &hellip; <a href=\"https:\/\/www.divipassion.com\/?page_id=680\">Lire la suite <span class=\"meta-nav\">&rarr;<\/span><\/a><\/p>\n","protected":false},"author":2,"featured_media":0,"parent":0,"menu_order":0,"comment_status":"closed","ping_status":"closed","template":"","meta":{"footnotes":""},"class_list":["post-680","page","type-page","status-publish","hentry"],"_links":{"self":[{"href":"https:\/\/www.divipassion.com\/index.php?rest_route=\/wp\/v2\/pages\/680","targetHints":{"allow":["GET"]}}],"collection":[{"href":"https:\/\/www.divipassion.com\/index.php?rest_route=\/wp\/v2\/pages"}],"about":[{"href":"https:\/\/www.divipassion.com\/index.php?rest_route=\/wp\/v2\/types\/page"}],"author":[{"embeddable":true,"href":"https:\/\/www.divipassion.com\/index.php?rest_route=\/wp\/v2\/users\/2"}],"replies":[{"embeddable":true,"href":"https:\/\/www.divipassion.com\/index.php?rest_route=%2Fwp%2Fv2%2Fcomments&post=680"}],"version-history":[{"count":14,"href":"https:\/\/www.divipassion.com\/index.php?rest_route=\/wp\/v2\/pages\/680\/revisions"}],"predecessor-version":[{"id":913,"href":"https:\/\/www.divipassion.com\/index.php?rest_route=\/wp\/v2\/pages\/680\/revisions\/913"}],"wp:attachment":[{"href":"https:\/\/www.divipassion.com\/index.php?rest_route=%2Fwp%2Fv2%2Fmedia&parent=680"}],"curies":[{"name":"wp","href":"https:\/\/api.w.org\/{rel}","templated":true}]}}