{"id":677,"date":"2016-06-22T10:05:50","date_gmt":"2016-06-22T09:05:50","guid":{"rendered":"http:\/\/www.divipassion.com\/?page_id=677"},"modified":"2022-05-25T18:53:04","modified_gmt":"2022-05-25T17:53:04","slug":"jeunes-et-emploi","status":"publish","type":"page","link":"https:\/\/www.divipassion.com\/?page_id=677","title":{"rendered":"Emploi &#8211; Entreprise"},"content":{"rendered":"\n<h4><strong>2019 <span style=\"background-color: #ff99cc;\">Deux films<\/span> sur ce th\u00e8me r\u00e9alis\u00e9s par DiViPassion<\/strong><\/h4>\n<ul>\n<li><strong><em>Je (re)trouve un emploi<\/em> <\/strong><a href=\"https:\/\/www.youtube.com\/watch?v=WxxpCw787DA\">https:\/\/www.youtube.com\/watch?v=WxxpCw787DA<\/a><\/li>\n<li><em><strong>Je cr\u00e9e mon entreprise <\/strong><\/em><a href=\"https:\/\/www.youtube.com\/watch?v=pR5nV2Q1g9s\" target=\"_blank\" rel=\"noopener noreferrer\">https:\/\/www.youtube.com\/watch?v=pR5nV2Q1g9s<\/a><strong><span style=\"font-family: Arial, sans-serif;\"><span style=\"font-size: small;\"> \u00a0\u00a0 <br \/>Un DVD accompagne ces r\u00e9alisations, \u00e0 demander aupr\u00e8s de Divipassion. Objectif: Cr\u00e9ation d&rsquo;un outil p\u00e9dagogique pour r\u00e9pondre aux premi\u00e8res questions pour trouver un emploi, cr\u00e9er son entreprise et\u00a0 d\u00e9couvrir des m\u00e9tiers sur les bassins d&#8217;emploi locaux du territoire de Grand-Orly Seine Bi\u00e8vre.<br \/><\/span><\/span><\/strong><\/li>\n<\/ul>\n<h4>2020 Un film sur les <span style=\"background-color: #ff99cc;\">opportunit\u00e9s d&#8217;emploi<\/span><\/h4>\n<ul>\n<li>\n<p style=\"text-align: left;\" align=\"CENTER\"><em><strong><span style=\"font-family: Arial, sans-serif;\"><span style=\"font-size: medium;\">Des secteurs qui recrutent sur Grand-Orly Seine Bi\u00e8vre\u00a0<\/span><\/span><\/strong><\/em><span style=\"font-family: Arial, sans-serif;\"><span style=\"font-size: medium;\"><a href=\"https:\/\/youtu.be\/A-ZVxefA8eo\">https:\/\/youtube\/A-ZVxefA8eo<\/a><\/span><\/span><\/p>\n<\/li>\n<\/ul>\n<h4><strong>Emission sur le th\u00e8me de l&#8217;emploi sur la <span style=\"background-color: #ff99cc;\">cha\u00eene TV Noyer Renard<\/span><\/strong><\/h4>\n<ul>\n<li><strong><em>Comment s\u2019y prendre pour trouver un emploi?<\/em><\/strong><span style=\"font-family: Times New Roman, serif;\"><strong> le 12 juin 2019<\/strong><\/span><\/li>\n<\/ul>\n<p>Cette \u00e9mission a eu lieu \u00e0 la Maison de l\u2019Environnement de l\u2019a\u00e9roport Paris-Orly. C\u2019\u00e9tait une \u00e9mission-d\u00e9bat qui <strong>reste visible sur <a href=\"https:\/\/youtu.be\/g6YFG1XiVa0\">https:\/\/youtu.be\/g6YFG1XiVa0<\/a><\/strong><\/p>\n<h4><span style=\"background-color: #ff99cc;\"><strong>Enqu\u00eates m\u00e9tiers :\u00a0<\/strong><\/span><\/h4>\n<ul>\n<li>\n<p class=\"style-scope ytd-watch-metadata\"><strong>Les m\u00e9tiers de la recyclerie : Agent de tri valoriste, Agent d&rsquo;accueil , chauffeur-livreur :\u00a0<a href=\"https:\/\/www.youtube.com\/watch?v=HJFh75ju_mI\">https:\/\/www.youtube.com\/watch?v=HJFh75ju_mI<\/a><\/strong><\/p>\n<\/li>\n<li><strong>Auxiliaire de vie :<a href=\"https:\/\/youtu.be\/e242PFnaxfo\"> https:\/\/youtu.be\/e242PFnaxfo<\/a><\/strong><\/li>\n<li><strong>Paysagiste : <a href=\"https:\/\/youtu.be\/POrgIu_BAa8\">https:\/\/youtu.be\/POrgIu_BAa8<\/a><\/strong><\/li>\n<li><strong>Logistique Rungis : <a href=\"https:\/\/youtu.be\/WjAqIZHREiE\">https:\/\/youtu.be\/WjAqIZHREiE<\/a><\/strong><\/li>\n<li><strong>R\u00e9alisateur audiovisuel : <a href=\"https:\/\/youtu.be\/WL5i9DYoWfA\">https:\/\/youtu.be\/WL5i9DYoWfA<\/a><\/strong><\/li>\n<li><strong>Ing\u00e9nieur du son : <a href=\"https:\/\/youtu.be\/jdWdAX92Lt0\">https:\/\/youtu.be\/jdWdAX92Lt0<\/a><\/strong><\/li>\n<li><strong>avitailleur chez SAP\u00a0: <a href=\"https:\/\/youtu.be\/IeHzX8dDhE0\">https:\/\/youtu.be\/IeHzX8dDhE0<\/a><\/strong><\/li>\n<li><strong>m\u00e9canicien bus K\u00e9olis\u00a0: <a href=\"https:\/\/youtu.be\/MdLeM3Xj2VY\">https:\/\/youtu.be\/MdLeM3Xj2VY<\/a><\/strong><\/li>\n<li><strong>conducteur de bus\u00a0: <a href=\"https:\/\/youtu.be\/Fd9femgL65Q\">https:\/\/youtu.be\/Fd9femgL65Q<\/a><\/strong><\/li>\n<li><strong>m\u00e9tiers de bouche\u00a0: <a href=\"https:\/\/youtu.be\/Mgrk32WRfqw\">https:\/\/youtu.be\/Mgrk32WRfqw<\/a><\/strong><\/li>\n<li><strong>services \u00e0 la personne (Jenny services)\u00a0: <a href=\"https:\/\/www.youtube.com\/watch?v=dZf0ItC3slc\">https:\/\/www.youtube.com\/watch?v=dZf0ItC3slc<\/a><\/strong><\/li>\n<li><strong>m\u00e9tiers d&rsquo;animation\u00a0: <a href=\"https:\/\/youtu.be\/7TxRQ3Ye4Uc\">https:\/\/youtu.be\/7TxRQ3Ye4Uc<\/a><\/strong><\/li>\n<li><strong>m\u00e9tiers du web\u00a0: <a href=\"https:\/\/youtu.be\/s8cvjmkVTv0\">https:\/\/youtu.be\/s8cvjmkVTv0<\/a><\/strong><\/li>\n<\/ul>\n<h4><strong>R\u00e9alisation de CV videos\u00a0: Appel \u00e0 candidature TF1 (mars 2020)\u00a0:<\/strong><\/h4>\n<ul>\n<li>CV-Vid\u00e9os r\u00e9alis\u00e9s dans le cadre d&rsquo;appel \u00e0 candidature pour des m\u00e9tiers de l&rsquo;audiovisuel par la Fondation TF1 pour des jeunes de 18 \u00e0 30 ans cherchant une alternance. Port\u00e9 par Grand Orly Seine Bi\u00e8vre, DiViPassion \u00e9tait en charge de fournir une aide aux candidats essonniens <a href=\"https:\/\/www.youtube.com\/watch?v=oWRn_989o-o\"><b>https:\/\/www.youtube.com\/watch?v=oWRn_989o-o<\/b><\/a><\/li>\n<\/ul>\n<h4><strong>Les <span style=\"background-color: #ff99cc;\">m\u00e9tiers de l\u2019audiovisuel<\/span>, participation \u00e0 des <em>Forums des m\u00e9tiers<\/em><\/strong><\/h4>\n<ul>\n<li>Participation au\u00a0 <em>Forum des m\u00e9tiers\u00a0<\/em> sur plusieurs ann\u00e9es avec la ville d\u2019Athis-Mons (Point d\u2019Information Jeunesse)\u00a0 avec visualisation d\u2019une banque de vid\u00e9os de la FFCV sur les m\u00e9tiers de l\u2019audiovisuel, vid\u00e9os disponibles pour les demandeurs.<\/li>\n<li>2019 : vendredi 25 mai \u00e0 la Maison de l\u2019Environnement et du D\u00e9veloppement Durable, de 14h \u00e0 17h<\/li>\n<li>2019 Forum du Plie pour les seniors \u00e0 Morangis<\/li>\n<li>2019 Forum du Plie \u00e0 Juvisy<\/li>\n<\/ul>\n<p>Mise \u00e0 disposition d\u2019un <b>livret gratuit<\/b> t\u00e9l\u00e9chargeable listant les <b>\u00e9coles de vid\u00e9o <\/b>postbac et les lyc\u00e9es d\u2019\u00cele de France proposant l\u2019option cin\u00e9ma ou vid\u00e9o et d\u2019une fiche papier sur M\u00e9tiers de l\u2019animation et du sport . T\u00e9l\u00e9charger\u00a0 le livret <a href=\"https:\/\/www.divipassion.com\/?page_id=677\" target=\"_blank\" rel=\"noopener noreferrer\">Animation et sports <\/a>ou le <a href=\"https:\/\/www.divipassion.com\/wp-content\/uploads\/2016\/06\/livret-ecoles-cinemaV2.pdf\">livret-ecoles-cinemaV2.<\/a><\/p>\n<p>Voir aussi la <a href=\"https:\/\/www.divipassion.com\/?page_id=479\" target=\"_blank\" rel=\"noopener noreferrer\">page de r\u00e9f\u00e9rence de la <b>FFCV<\/b> <\/a>(F\u00e9d\u00e9ration fran\u00e7aise cin\u00e9ma et vid\u00e9o) avec infos sur des adresses concernant l<b>es m\u00e9tiers du cin\u00e9ma <\/b>(cours, ouvrages, astuces, documents\u2026)<\/p>\n<ul>\n<li>Tous les ans un samedi matin d\u00e9but d&rsquo;ann\u00e9e <a href=\"http:\/\/divipassion.over-blog.com\/article-forum-des-metiers-114541913.html\">Forum des m\u00e9tiers<\/a> Au \u00ab\u00a0Forum des m\u00e9tiers\u00a0\u00bb Gymnase Carpentier \u00e0 Athis-Mons Pr\u00e9sentation: \u2013 <strong>des m\u00e9tiers du cin\u00e9ma<\/strong> \u2013 du court-m\u00e9trage \u00ab\u00a0<em>Ru\u00e9e vers les stages<\/em>\u00a0\u00bb r\u00e9alis\u00e9 avec l \u2018Espace Ados de Goscinny (SMJ) \u2013 d\u2019un reportage au CIO de Savigny-sur-Orge avec les jeunes\u2026<\/li>\n<li>R\u00e9alisation du projet audiovisuel avec le Service jeunesse<a href=\"http:\/\/divipassion.over-blog.com\/article-tournage-avec-les-jeunes-de-l-espace-ados-de-goscinny-114308233.html\"> Tournage avec les jeunes de l Espace Ados de Goscinny<\/a> Fin de tournage d\u2019une vid\u00e9o pour la pr\u00e9paration aux <strong>entretiens de stages<\/strong> avec les jeunes de l\u2019espace ados de Goscinny au Noyer Renard \u00e0 Athis-Mons.<\/li>\n<li>2016 mars\u00a0: <a href=\"http:\/\/divipassion.over-blog.com\/2016\/03\/jobs-d-ete-de-viry-chatillon.html\">Jobs d\u2019\u00e9t\u00e9 de Viry-Chatillon <\/a>Participation de DiViPassion aux Jobs d\u2019\u00e9t\u00e9 de Viry Chatillon . Pr\u00e9sentation des m\u00e9tiers du cin\u00e9ma et de l audiovisuel .<\/li>\n<\/ul>\n<h4>2016 Lancement du projet \u00ab <strong><i>L\u2019image pour l\u2019insertion professionnelle des jeunes<\/i><\/strong> \u00bb <strong>avec la mission locale Nord Essonne<\/strong><\/h4>\n<ul>\n<li>Mise en situation de recherche d emploi<\/li>\n<li>Participation au \u00ab Job Dating \u00bb au Noyer Renard<\/li>\n<li>Participation aux Rencontres d\u2019A\u00e9roport d\u2019Orly (Cv vid\u00e9os)<\/li>\n<li>R\u00e9alisation de CV Vid\u00e9o : offre gratuite pour les jeunes de nos quartiers !<\/li>\n<\/ul>\n<h2>Autres activit\u00e9s<\/h2>\n<ul>\n<li>Avec \u00ab l\u2019Institut du Service Civique \u00bb (ISC) Aide \u00e0 la <b>finalisation du projet des jeunes<\/b> s\u00e9lectionn\u00e9s (suivi du <strong>s\u00e9minaire d\u2019une semaine<\/strong>, des conf\u00e9rences, vid\u00e9os des jeunes promus, cr\u00e9ation d\u2019une vid\u00e9o institutionnelle)<\/li>\n<li>2014-2015 Animation d\u2019un <strong>atelier audiovisuel sur l\u2019ann\u00e9e scolaire<\/strong> \u00e0 l\u2019Institut Ste Genevi\u00e8ve d\u2019Asni\u00e8res<\/li>\n<li>Par ailleurs, <strong>de nombreux projets ont permis aux jeunes de la ville de prendre contact avec les m\u00e9tiers du cin\u00e9ma<\/strong> gr\u00e2ce \u00e0 la r\u00e9alisation de vid\u00e9os dont ils ont \u00e9t\u00e9 les acteurs soit en tant qu\u2019acteurs soit en tant qu\u2019intervieweurs soit en tant que r\u00e9alisateurs. Voir les pages r\u00e9capitulant les vid\u00e9os de fiction ou de reportage de DiViPassion.<\/li>\n<\/ul>\n\n\n\n<p><\/p>\n","protected":false},"excerpt":{"rendered":"<p>2019 Deux films sur ce th\u00e8me r\u00e9alis\u00e9s par DiViPassion Je (re)trouve un emploi https:\/\/www.youtube.com\/watch?v=WxxpCw787DA Je cr\u00e9e mon entreprise https:\/\/www.youtube.com\/watch?v=pR5nV2Q1g9s \u00a0\u00a0 Un DVD accompagne ces r\u00e9alisations, \u00e0 demander aupr\u00e8s de Divipassion. Objectif: Cr\u00e9ation d&rsquo;un outil p\u00e9dagogique pour r\u00e9pondre aux premi\u00e8res questions &hellip; <a href=\"https:\/\/www.divipassion.com\/?page_id=677\">Lire la suite <span class=\"meta-nav\">&rarr;<\/span><\/a><\/p>\n","protected":false},"author":2,"featured_media":0,"parent":0,"menu_order":0,"comment_status":"closed","ping_status":"closed","template":"","meta":{"footnotes":""},"class_list":["post-677","page","type-page","status-publish","hentry"],"_links":{"self":[{"href":"https:\/\/www.divipassion.com\/index.php?rest_route=\/wp\/v2\/pages\/677","targetHints":{"allow":["GET"]}}],"collection":[{"href":"https:\/\/www.divipassion.com\/index.php?rest_route=\/wp\/v2\/pages"}],"about":[{"href":"https:\/\/www.divipassion.com\/index.php?rest_route=\/wp\/v2\/types\/page"}],"author":[{"embeddable":true,"href":"https:\/\/www.divipassion.com\/index.php?rest_route=\/wp\/v2\/users\/2"}],"replies":[{"embeddable":true,"href":"https:\/\/www.divipassion.com\/index.php?rest_route=%2Fwp%2Fv2%2Fcomments&post=677"}],"version-history":[{"count":23,"href":"https:\/\/www.divipassion.com\/index.php?rest_route=\/wp\/v2\/pages\/677\/revisions"}],"predecessor-version":[{"id":1509,"href":"https:\/\/www.divipassion.com\/index.php?rest_route=\/wp\/v2\/pages\/677\/revisions\/1509"}],"wp:attachment":[{"href":"https:\/\/www.divipassion.com\/index.php?rest_route=%2Fwp%2Fv2%2Fmedia&parent=677"}],"curies":[{"name":"wp","href":"https:\/\/api.w.org\/{rel}","templated":true}]}}