{"id":658,"date":"2016-06-21T20:01:18","date_gmt":"2016-06-21T19:01:18","guid":{"rendered":"http:\/\/www.divipassion.com\/?page_id=658"},"modified":"2024-10-11T09:41:08","modified_gmt":"2024-10-11T08:41:08","slug":"onglet-essaie","status":"publish","type":"page","link":"https:\/\/www.divipassion.com\/?page_id=658","title":{"rendered":"Vie associative"},"content":{"rendered":"<ul>\n<li>Pr\u00e9sentation de DiViPassion via un powerpoint :\u00a0 <a href=\"https:\/\/www.divipassion.com\/wp-content\/uploads\/2016\/06\/DiViPassionpresentation.pdf\">DiViPassionpresentation<\/a><\/li>\n<li>Au sommaire de cette page \u00ab\u00a0Vie associative \u00ab\u00a0:<\/li>\n<li>\n<div id=\"1) Formations offertes\">\n<div id=\"6) ADHESION\">\n<table border=\"o\">\n<tbody>\n<tr>\n<td><a href=\"http:\/\/&quot;#formations&quot;\">1 Forma-<br \/>\ntions propos\u00e9es<\/a><\/td>\n<td>2) <a href=\"http:\/\/&quot;#reunions&quot;\">R\u00e9unions <\/a>DiViPassion<\/td>\n<td>3) Sept : Journ\u00e9es des<br \/>\nassociations<\/td>\n<td>4) 2017<br \/>\nAnniversaire<\/td>\n<td>5) <a href=\"http:\/\/&quot;#banc&quot;\">Banc de<br \/>\nnum\u00e9risation<\/a><\/td>\n<td><\/td>\n<td><a href=\"http:\/\/&quot;#ADHESION&quot;\">6) ADHESION\u00a0<\/a><\/td>\n<\/tr>\n<\/tbody>\n<\/table>\n<p><strong><span style=\"color: #800080;\"><a id=\"formations\"><\/a>1) Actions de formation propos\u00e9es aux adh\u00e9rents et aux sympathisants par Cinevif organis\u00e9es avec DiViPassion \u00e0 Athis-Mons<\/span><\/strong> sur sc\u00e9nario, image, son&#8230;<\/p>\n<p><b>Au second semestre les formations concernent son, ambiance, captation d&rsquo;\u00e9v\u00e9nements&#8230; et se d\u00e9rouleront \u00e0 Sannois les 29 sept, 20 oct, 10 nov, plus une en dec. Voir pr\u00e9cisions <a href=\"https:\/\/www.divipassion.com\/wp-content\/uploads\/2016\/06\/FORMATIONS-SEPT-DEC2018.docx\">FORMATIONS-SEPT-DEC2018<\/a><br \/>\n<\/b><\/p>\n<p><b>Ci-dessous les dates et lieux des formations du 1<sup>er<\/sup> semestre 2018 ont \u00e9t\u00e9 encadr\u00e9es par Didier Bourg, Patrick Lanza et Daniel Mator\u00e9, charg\u00e9s de la formation par Cin\u00e9vif.<br \/>\n<\/b><\/p>\n<\/div>\n<\/div>\n<\/li>\n<\/ul>\n<ul>\n<li class=\"m_-5659018006922485778m_-5007553276745951036m_7008404528855881150gmail-MsoListParagraphCxSpFirst\">\u00b7\u00a0\u00a0\u00a0\u00a0\u00a0 27 janvier \u2013 Le documentaire (niveau 2) \u2013 Athis-Mons \u201315 \u00e0\u00a0 20 participants maxi<\/li>\n<li class=\"m_-5659018006922485778m_-5007553276745951036m_7008404528855881150gmail-MsoListParagraphCxSpMiddle\">\u00b7\u00a0\u00a0\u00a0\u00a0\u00a0 24 f\u00e9vrier \u2013 Le son \u00e0 l\u2019image (niveau 1) \u2013 Athis-Mons<\/li>\n<li class=\"m_-5659018006922485778m_-5007553276745951036m_7008404528855881150gmail-MsoListParagraphCxSpMiddle\">\u00b7\u00a0\u00a0\u00a0\u00a0\u00a0 17 mars \u2013 Le documentaire (niveau 2) \u2013 Athis-Mons<\/li>\n<li class=\"m_-5659018006922485778m_-5007553276745951036m_7008404528855881150gmail-MsoListParagraphCxSpMiddle\">\u00b7\u00a0\u00a0\u00a0\u00a0\u00a0 21 avril \u2013 Le son \u00e0 l\u2019image (niveau 1) \u2013 Athis-Mons<\/li>\n<li class=\"m_-5659018006922485778m_-5007553276745951036m_7008404528855881150gmail-MsoListParagraphCxSpMiddle\">\u00b7\u00a0\u00a0\u00a0\u00a0\u00a0 26 mai \u2013 Le sc\u00e9nario (niveau 1) \u2013 Le Chesnay<\/li>\n<li class=\"m_-5659018006922485778m_-5007553276745951036m_7008404528855881150gmail-MsoListParagraphCxSpLast\">\u00b7\u00a0\u00a0\u00a0\u00a0\u00a0 9 juin \u2013 Le sc\u00e9nario (niveau 1) \u2013 Le Chesnay<\/li>\n<\/ul>\n<p class=\"m_-5659018006922485778m_-5007553276745951036m_7008404528855881150gmail-MsoNormal\">NB \u2013 Dans le cas du documentaire, c\u2019est exactement la m\u00eame formation qui est dispens\u00e9e le 27 janvier et le 17 mars. En revanche, pour le son \u00e0 l\u2019image et le sc\u00e9nario, il y a une progression entre les deux s\u00e9ances et donc n\u00e9cessit\u00e9 pour les stagiaires \u00e0 assister, de pr\u00e9f\u00e9rence, aux deux s\u00e9ances.<\/p>\n<ul>\n<li><strong><a id=\"reunions\"><\/a>2)\u00a0 <span style=\"color: #800080;\">R\u00e9unions bi-mensuelles le lundi 18h30 <\/span>pour aborder la vie de l\u2019association et des points techniques.<\/strong> Elles ont lieu au local de <span style=\"background-color: #ff99cc;\">DiViPassion au 18 rue des Carneaux \u00e0 Athis-Mons, 1er \u00e9tage.<\/span> Un mel est envoy\u00e9 aux adh\u00e9rents. Si vous souhaitez nous rencontrer pr\u00e9venez-nous par mel, merci. <a href=\"mailto:divipassion@orange.fr\" target=\"_blank\" rel=\"noopener\">divipassion@orange.fr<\/a><\/li>\n<li><span style=\"background-color: #ff99cc;\">R\u00e9union de rentr\u00e9e : lundi 24 septembre 2018<\/span> : accueil des nouveaux, infos, pr\u00e9sentation des locaux et du mat\u00e9riel disponible.<\/li>\n<li><strong>Formation\u00a0<\/strong> : Certaines r\u00e9unions \u00e0 Athis-Mons sont d\u00e9di\u00e9es \u00e0 la formation , au tournage, au montage&#8230; Des documents sont \u00e9chang\u00e9s. des vid\u00e9os sont comment\u00e9es, des projets sont d\u00e9battus&#8230;<\/li>\n<li><strong>Cin\u00e9passion<\/strong>: analyse des films r\u00e9alis\u00e9s par les membres<\/li>\n<\/ul>\n<p><strong><span style=\"color: #993366;\">3) Anniversaire !<\/span><\/strong><\/p>\n<p><a href=\"https:\/\/www.divipassion.com\/wp-content\/uploads\/2016\/06\/Affiche10-ansDiViPassionaveclogos_A4-.jpg\"><img loading=\"lazy\" decoding=\"async\" class=\"alignleft wp-image-1042 size-medium\" src=\"https:\/\/www.divipassion.com\/wp-content\/uploads\/2016\/06\/Affiche10-ansDiViPassionaveclogos_A4--212x300.jpg\" alt=\"\" width=\"212\" height=\"300\" srcset=\"https:\/\/www.divipassion.com\/wp-content\/uploads\/2016\/06\/Affiche10-ansDiViPassionaveclogos_A4--212x300.jpg 212w, https:\/\/www.divipassion.com\/wp-content\/uploads\/2016\/06\/Affiche10-ansDiViPassionaveclogos_A4--768x1086.jpg 768w, https:\/\/www.divipassion.com\/wp-content\/uploads\/2016\/06\/Affiche10-ansDiViPassionaveclogos_A4--724x1024.jpg 724w\" sizes=\"auto, (max-width: 212px) 100vw, 212px\" \/><\/a><\/p>\n<p><a href=\"https:\/\/youtu.be\/68y2nNnSrxg\" target=\"_blank\" rel=\"noopener\">Bande annonce sur Youtube ici.<\/a>\u00a0A diffuser sans mod\u00e9ration et \u00e0 partager sur Facebook<\/p>\n<p>T\u00e9l\u00e9charger ou voir le programme de la soir\u00e9e du 18 novembre : <a href=\"https:\/\/www.divipassion.com\/wp-content\/uploads\/2012\/10\/flyer_programme10ansDVP_A5.pdf\">flyer_programme10ansDVP_A5<\/a><\/p>\n<p><strong>Lire l\u2019article de Didier Bourg sur cet \u00e9v\u00e9nement<\/strong> dans la revue de la <strong>FFCV<\/strong>, article en acc\u00e8s libre : <a href=\"https:\/\/www.ffcinevideo.org\/a4content\/Ecran119.pdf\" target=\"_blank\" rel=\"noopener\">Ecran n\u00b0119 <\/a><\/p>\n<p><strong><span style=\"color: #993366;\">3) Participation aux journ\u00e9es des associations de la rentr\u00e9e \u00e0 Athis-Mons<\/span><\/strong><\/p>\n<p><a href=\"https:\/\/www.divipassion.com\/wp-content\/uploads\/2016\/06\/image-retouche-e1467726609337.png\"><img loading=\"lazy\" decoding=\"async\" class=\"alignnone wp-image-898\" src=\"https:\/\/www.divipassion.com\/wp-content\/uploads\/2016\/06\/image-retouche-1024x600.png\" alt=\"image retouche\" width=\"456\" height=\"267\" \/><\/a><\/p>\n<ul>\n<li>Pr\u00e9sence r\u00e9guli\u00e8re \u00e0 la F\u00eate des associations de la ville d&rsquo;Athis-Mons \u00e0 la rentr\u00e9e : occasion de rencontres et d&rsquo;inscription !<\/li>\n<li><strong><span style=\"color: #993366;\"><a id=\"banc\"><\/a>5 ) Un banc de transcodage pour num\u00e9risation<\/span><\/strong> de K7 VHS, de film super8\u00a0 est utilisable au local. Usage gratuit pour les adh\u00e9rents au support pr\u00eat, service payant sur forfait pour des particuliers demandeurs. A voir au cas par cas.<\/li>\n<li class=\"western\"><strong><span style=\"color: #993366;\"><a id=\"ADHESION\"><\/a>6) ADHESION<\/span><\/strong>: L&rsquo;adh\u00e9sion est annuelle et co\u00fbte 50 \u20ac pour un adulte, 25\u20ac pour un jeune, 90 pour une institution ou association : dont 16\u20ac d&rsquo;adh\u00e9sion , le reste repr\u00e9sentant une participation aux activit\u00e9s.<\/li>\n<\/ul>\n<p>(attention : nouveaut\u00e9 de 2018 : la premi\u00e8re ann\u00e9e entr\u00e9e dans l&rsquo;association pour <span style=\"background-color: #ff99cc;\">15\u20ac <\/span>! ) <a href=\"https:\/\/www.divipassion.com\/wp-content\/uploads\/2016\/06\/Fiche-1\u00e8re-inscription-DVP-2017-2018.doc\">Fiche 1\u00e8re inscription DVP 2017 2018<\/a><a href=\"https:\/\/www.divipassion.com\/wp-content\/uploads\/2016\/06\/Fiche-inscription-DVP-2017-2018.doc\">\u00a0\u00a0\u00a0\u00a0\u00a0\u00a0\u00a0\u00a0\u00a0 Fiche inscription DVP 2017 2018<\/a><\/p>\n<ul>\n<li class=\"western\">Divipassion est affili\u00e9 \u00e0 la <a href=\"http:\/\/ffcinevideo.org\/\" target=\"_blank\" rel=\"noopener\">FFCV <\/a>: <img loading=\"lazy\" decoding=\"async\" class=\"\" style=\"border-width: 10px;\" src=\"http:\/\/ffcinevideo.org\/a4content\/FFCV%20m%C3%A9daille%20moyenne.png\" alt=\"FFCV\" width=\"77\" height=\"77\" \/>la \u00ab\u00a0F\u00e9d\u00e9ration fran\u00e7aise de cin\u00e9ma et de vid\u00e9o\u00a0\u00bb, dont la revue sp\u00e9cialis\u00e9e est <em>Ecran, <\/em><strong>voir sur le site FFCV.<\/strong><\/li>\n<li><a href=\"https:\/\/bnr71.r.sp1-brevo.net\/mk\/cl\/f\/sh\/6rqJfgq8dIPRQBsg506r0jFNJv4\/EduXDx2y0O3G\" target=\"_blank\" rel=\"noopener\" data-saferedirecturl=\"https:\/\/www.google.com\/url?q=https:\/\/bnr71.r.sp1-brevo.net\/mk\/cl\/f\/sh\/6rqJfgq8dIPRQBsg506r0jFNJv4\/EduXDx2y0O3G&amp;source=gmail&amp;ust=1728718980392000&amp;usg=AOvVaw3lCwF-VjJhp88ooGpPzFCO\">https:\/\/ffcinevideo.com\/<wbr \/>cinematheque\/<\/a> \u00a0pour visualiser et exploiter toutes les informations des cin\u00e9math\u00e8ques revues par Pierre Marchal et Jean-Pierre Droillard, Responsables des cin\u00e9math\u00e8ques<\/li>\n<\/ul>\n<p style=\"text-align: center;\">\u00a0\u00a0\u00a0\u00a0\u00a0\u00a0\u00a0\u00a0\u00a0\u00a0\u00a0\u00a0\u00a0\u00a0\u00a0\u00a0\u00a0\u00a0\u00a0\u00a0\u00a0 son antenne de la r\u00e9gion \u00cele de France est <a href=\"http:\/\/www.cinevif.fr\/\" target=\"_blank\" rel=\"noopener\">Cin\u00e9vif<\/a>. <img loading=\"lazy\" decoding=\"async\" title=\"\" src=\"http:\/\/www.cinevif.fr\/wp-content\/uploads\/2016\/03\/CINEVIF-Logo-Couleur-CS5-01.png\" alt=\"\" width=\"100\" height=\"45\" \/><\/p>\n<p><span style=\"border-radius: 2px; text-indent: 20px; width: auto; padding: 0px 4px 0px 0px; text-align: center; font: bold 11px\/20px 'Helvetica Neue',Helvetica,sans-serif; color: #ffffff; background: #bd081c no-repeat scroll 3px 50% \/ 14px 14px; position: absolute; opacity: 1; z-index: 8675309; display: none; cursor: pointer;\">Enregistrer<\/span><\/p>\n<p><span style=\"border-radius: 2px; text-indent: 20px; width: auto; padding: 0px 4px 0px 0px; text-align: center; font: bold 11px\/20px 'Helvetica Neue',Helvetica,sans-serif; color: #ffffff; background: #bd081c no-repeat scroll 3px 50% \/ 14px 14px; position: absolute; opacity: 1; z-index: 8675309; display: none; cursor: pointer;\">Enregistrer<\/span><\/p>\n<p><span style=\"border-radius: 2px; text-indent: 20px; width: auto; padding: 0px 4px 0px 0px; text-align: center; font: bold 11px\/20px 'Helvetica Neue',Helvetica,sans-serif; color: #ffffff; background: #bd081c no-repeat scroll 3px 50% \/ 14px 14px; position: absolute; opacity: 1; z-index: 8675309; display: none; cursor: pointer; top: 76px; left: 20px;\">Enregistrer<\/span><\/p>\n<p><span style=\"border-radius: 2px; text-indent: 20px; width: auto; padding: 0px 4px 0px 0px; text-align: center; font: bold 11px\/20px 'Helvetica Neue',Helvetica,sans-serif; color: #ffffff; background: #bd081c no-repeat scroll 3px 50% \/ 14px 14px; position: absolute; opacity: 1; z-index: 8675309; display: none; cursor: pointer; top: 721px; left: 60px;\">Enregistrer<\/span><\/p>\n<p><span style=\"border-radius: 2px; text-indent: 20px; width: auto; padding: 0px 4px 0px 0px; text-align: center; font: bold 11px\/20px 'Helvetica Neue',Helvetica,sans-serif; color: #ffffff; background: #bd081c no-repeat scroll 3px 50% \/ 14px 14px; position: absolute; opacity: 1; z-index: 8675309; display: none; cursor: pointer; top: 657px; left: 60px;\">Enregistrer<\/span><\/p>\n<p><span style=\"border-radius: 2px; text-indent: 20px; width: auto; padding: 0px 4px 0px 0px; text-align: center; font: bold 11px\/20px 'Helvetica Neue',Helvetica,sans-serif; color: #ffffff; background: #bd081c no-repeat scroll 3px 50% \/ 14px 14px; position: absolute; opacity: 1; z-index: 8675309; display: none; cursor: pointer;\">Enregistrer<\/span><\/p>\n<p><span style=\"border-radius: 2px; text-indent: 20px; width: auto; padding: 0px 4px 0px 0px; text-align: center; font: bold 11px\/20px 'Helvetica Neue',Helvetica,sans-serif; color: #ffffff; background: #bd081c no-repeat scroll 3px 50% \/ 14px 14px; position: absolute; opacity: 1; z-index: 8675309; display: none; cursor: pointer; top: 36px; left: 20px;\">Enregistrer<\/span><\/p>\n<p><span style=\"border-radius: 2px; text-indent: 20px; width: auto; padding: 0px 4px 0px 0px; text-align: center; font: bold 11px\/20px 'Helvetica Neue',Helvetica,sans-serif; color: #ffffff; background: #bd081c no-repeat scroll 3px 50% \/ 14px 14px; position: absolute; opacity: 1; z-index: 8675309; display: none; cursor: pointer; top: 276px; left: 20px;\">Enregistrer<\/span><\/p>\n<p><span style=\"border-radius: 2px; text-indent: 20px; width: auto; padding: 0px 4px 0px 0px; text-align: center; font: bold 11px\/20px 'Helvetica Neue',Helvetica,sans-serif; color: #ffffff; background: #bd081c no-repeat scroll 3px 50% \/ 14px 14px; position: absolute; opacity: 1; z-index: 8675309; display: none; cursor: pointer; top: 236px; left: 186px;\">Enregistrer<\/span><\/p>\n<p><span style=\"border-radius: 2px; text-indent: 20px; width: auto; padding: 0px 4px 0px 0px; text-align: center; font: bold 11px\/20px 'Helvetica Neue',Helvetica,sans-serif; color: #ffffff; background: #bd081c no-repeat scroll 3px 50% \/ 14px 14px; position: absolute; opacity: 1; z-index: 8675309; display: none; cursor: pointer; top: 276px; left: 321px;\">Enregistrer<\/span><\/p>\n<p><span style=\"border-radius: 2px; text-indent: 20px; width: auto; padding: 0px 4px 0px 0px; text-align: center; font: bold 11px\/20px 'Helvetica Neue',Helvetica,sans-serif; color: #ffffff; background: #bd081c no-repeat scroll 3px 50% \/ 14px 14px; position: absolute; opacity: 1; z-index: 8675309; display: none; cursor: pointer; top: 276px; left: 20px;\">Enregistrer<\/span><\/p>\n<p><span style=\"border-radius: 2px; text-indent: 20px; width: auto; padding: 0px 4px 0px 0px; text-align: center; font: bold 11px\/20px 'Helvetica Neue',Helvetica,sans-serif; color: #ffffff; background: #bd081c no-repeat scroll 3px 50% \/ 14px 14px; position: absolute; opacity: 1; z-index: 8675309; display: none; cursor: pointer; top: 76px; left: 258px;\">Enregistrer<\/span><\/p>\n<p><span style=\"border-radius: 2px; text-indent: 20px; width: auto; padding: 0px 4px 0px 0px; text-align: center; font: bold 11px\/20px 'Helvetica Neue',Helvetica,sans-serif; color: #ffffff; background: #bd081c no-repeat scroll 3px 50% \/ 14px 14px; position: absolute; opacity: 1; z-index: 8675309; display: none; cursor: pointer;\">Enregistrer<\/span><\/p>\n<p><span style=\"border-radius: 2px; text-indent: 20px; width: auto; padding: 0px 4px 0px 0px; text-align: center; font: bold 11px\/20px 'Helvetica Neue',Helvetica,sans-serif; color: #ffffff; background: #bd081c no-repeat scroll 3px 50% \/ 14px 14px; position: absolute; opacity: 1; z-index: 8675309; display: none; cursor: pointer; top: 156px; left: 248px;\">Enregistrer<\/span><\/p>\n<p><span style=\"border-radius: 2px; text-indent: 20px; width: auto; padding: 0px 4px 0px 0px; text-align: center; font: bold 11px\/20px 'Helvetica Neue',Helvetica,sans-serif; color: #ffffff; background: #bd081c no-repeat scroll 3px 50% \/ 14px 14px; position: absolute; opacity: 1; z-index: 8675309; display: none; cursor: pointer;\">Enregistrer<\/span><\/p>\n<p><span style=\"border-radius: 2px; text-indent: 20px; width: auto; padding: 0px 4px 0px 0px; text-align: center; font: bold 11px\/20px 'Helvetica Neue',Helvetica,sans-serif; color: #ffffff; background: #bd081c no-repeat scroll 3px 50% \/ 14px 14px; position: absolute; opacity: 1; z-index: 8675309; display: none; cursor: pointer; top: 44px; left: 248px;\">Enregistrer<a id=\"BANC\"><\/a><\/span><\/p>\n","protected":false},"excerpt":{"rendered":"<p>Pr\u00e9sentation de DiViPassion via un powerpoint :\u00a0 DiViPassionpresentation Au sommaire de cette page \u00ab\u00a0Vie associative \u00ab\u00a0: 1 Forma- tions propos\u00e9es 2) R\u00e9unions DiViPassion 3) Sept : Journ\u00e9es des associations 4) 2017 Anniversaire 5) Banc de num\u00e9risation 6) ADHESION\u00a0 1) Actions &hellip; <a href=\"https:\/\/www.divipassion.com\/?page_id=658\">Lire la suite <span class=\"meta-nav\">&rarr;<\/span><\/a><\/p>\n","protected":false},"author":2,"featured_media":0,"parent":0,"menu_order":0,"comment_status":"open","ping_status":"closed","template":"","meta":{"footnotes":""},"class_list":["post-658","page","type-page","status-publish","hentry"],"_links":{"self":[{"href":"https:\/\/www.divipassion.com\/index.php?rest_route=\/wp\/v2\/pages\/658","targetHints":{"allow":["GET"]}}],"collection":[{"href":"https:\/\/www.divipassion.com\/index.php?rest_route=\/wp\/v2\/pages"}],"about":[{"href":"https:\/\/www.divipassion.com\/index.php?rest_route=\/wp\/v2\/types\/page"}],"author":[{"embeddable":true,"href":"https:\/\/www.divipassion.com\/index.php?rest_route=\/wp\/v2\/users\/2"}],"replies":[{"embeddable":true,"href":"https:\/\/www.divipassion.com\/index.php?rest_route=%2Fwp%2Fv2%2Fcomments&post=658"}],"version-history":[{"count":42,"href":"https:\/\/www.divipassion.com\/index.php?rest_route=\/wp\/v2\/pages\/658\/revisions"}],"predecessor-version":[{"id":1840,"href":"https:\/\/www.divipassion.com\/index.php?rest_route=\/wp\/v2\/pages\/658\/revisions\/1840"}],"wp:attachment":[{"href":"https:\/\/www.divipassion.com\/index.php?rest_route=%2Fwp%2Fv2%2Fmedia&parent=658"}],"curies":[{"name":"wp","href":"https:\/\/api.w.org\/{rel}","templated":true}]}}