{"id":409,"date":"2012-10-25T00:16:35","date_gmt":"2012-10-24T23:16:35","guid":{"rendered":"http:\/\/www.divipassion.com\/?page_id=409"},"modified":"2018-01-09T23:51:49","modified_gmt":"2018-01-09T22:51:49","slug":"liens","status":"publish","type":"page","link":"https:\/\/www.divipassion.com\/?page_id=409","title":{"rendered":"Liens"},"content":{"rendered":"<ul>\n<li><strong><a title=\"Le blog de Divipassion\" href=\"http:\/\/divipassion.over-blog.com\/\" target=\"_blank\" rel=\"noopener\">Le blog de Divipassion\u00a0 pour les actualit\u00e9s au jour le jour !<\/a><\/strong><\/li>\n<li><a title=\"Association Essonne TV\" href=\"http:\/\/www.assoessonnetv.fr\/\" target=\"_blank\" rel=\"noopener\">Association Essonne TV<\/a><\/li>\n<li>Site de la <strong>FFCV<\/strong>, notre f\u00e9d\u00e9ration nationale de clubs de vid\u00e9o amateurs ; <a href=\"http:\/\/ffcinevideo.org\" target=\"_blank\" rel=\"noopener\">lien <span class=\"result__url__long\">ffcinevideo.org<\/span><\/a> avec sa revue <em>Ecran<\/em> accessible directement \u00e0 partir du site. <span style=\"font-size: 12px;\">Exemple \u00e0 partir du <span style=\"font-family: arial, helvetica, sans-serif;\">num\u00e9ro de janvier 2018. D\u00e9couvrez sa nouvelle formule, d\u00e9sormais mensuelle, repens\u00e9e dans sa forme et dans son contenu. P<\/span><span style=\"font-family: arial, helvetica, sans-serif;\">our lire la revue comme un magazine papier\u00a0:<\/span><\/span><span style=\"font-size: 12px;\"><span style=\"font-family: arial, helvetica, sans-serif;\"><a href=\"http:\/\/fr.calameo.com\/read\/003469875c2ac186ac710\" target=\"_blank\" rel=\"noopener\">http:\/\/fr.calameo.com\/read\/<wbr \/>003469875c2ac186ac710<\/a><\/span><span style=\"font-family: arial, helvetica, sans-serif;\">\u00a0\u00a0\u00a0Pour la t\u00e9l\u00e9charger : <a href=\"https:\/\/www.ffcinevideo.org\/a4content\/Ecran119.pdf\" target=\"_blank\" rel=\"noopener\" data-saferedirecturl=\"https:\/\/www.google.com\/url?hl=fr&amp;q=https:\/\/www.ffcinevideo.org\/a4content\/Ecran119.pdf&amp;source=gmail&amp;ust=1515624100284000&amp;usg=AFQjCNG8Pe7uaKSTv15LFNP5u7bVHtkLfw\">https:\/\/www.ffcinevideo.org\/<wbr \/>a4content\/Ecran119.pdf<\/a><\/span><\/span><\/li>\n<li>Site de <strong>Cinevif<\/strong>, cadre r\u00e9gional de la FFCV dans lequel s&rsquo;ins\u00e8re Divipassion , <strong>agenda<\/strong> des \u00e9v\u00e9nements r\u00e9gionaux (calendrier des <strong>formations<\/strong>&#8230; , autour des clubs\u00a0 :<a href=\"http:\/\/www.cinevif.fr\" target=\"_blank\" rel=\"noopener\"> lien http:\/\/www.cinevif.fr\u00a0 <img loading=\"lazy\" decoding=\"async\" class=\"\" title=\"\" src=\"http:\/\/www.cinevif.fr\/wp-content\/uploads\/2016\/03\/CINEVIF-Logo-Couleur-CS5-01.png\" alt=\"\" width=\"108\" height=\"49\" \/><\/a><\/li>\n<li>Site de l&rsquo;association internationale <strong><a href=\"http:\/\/unica-web.com\/french-menu.html\" target=\"_blank\" rel=\"noopener\">UNICA <\/a><\/strong>qui r\u00e9unit des clubs d&rsquo;amateurs du monde entier. En 2016 elle s&rsquo;est r\u00e9uni en Roumanie !<\/li>\n<li>629 vid\u00e9os sur le cin\u00e9ma, diffus\u00e9es par la cin\u00e9math\u00e8que sur internet ! <a href=\"http:\/\/www.cinematheque.fr\/decouvrir.html?type=video\" target=\"_blank\" rel=\"noopener\">lien ici<\/a><\/li>\n<\/ul>\n<p><span style=\"border-radius: 2px; text-indent: 20px; width: auto; padding: 0px 4px 0px 0px; text-align: center; font: bold 11px\/20px 'Helvetica Neue',Helvetica,sans-serif; color: #ffffff; background: #bd081c no-repeat scroll 3px 50% \/ 14px 14px; position: absolute; opacity: 1; z-index: 8675309; display: none; cursor: pointer;\">Enregistrer<\/span><\/p>\n<p><span style=\"border-radius: 2px; text-indent: 20px; width: auto; padding: 0px 4px 0px 0px; text-align: center; font: bold 11px\/20px 'Helvetica Neue',Helvetica,sans-serif; color: #ffffff; background: #bd081c no-repeat scroll 3px 50% \/ 14px 14px; position: absolute; opacity: 1; z-index: 8675309; display: none; cursor: pointer;\">Enregistrer<\/span><\/p>\n","protected":false},"excerpt":{"rendered":"<p>Le blog de Divipassion\u00a0 pour les actualit\u00e9s au jour le jour ! Association Essonne TV Site de la FFCV, notre f\u00e9d\u00e9ration nationale de clubs de vid\u00e9o amateurs ; lien ffcinevideo.org avec sa revue Ecran accessible directement \u00e0 partir du site. &hellip; <a href=\"https:\/\/www.divipassion.com\/?page_id=409\">Lire la suite <span class=\"meta-nav\">&rarr;<\/span><\/a><\/p>\n","protected":false},"author":2,"featured_media":0,"parent":0,"menu_order":0,"comment_status":"closed","ping_status":"closed","template":"","meta":{"footnotes":""},"class_list":["post-409","page","type-page","status-publish","hentry"],"_links":{"self":[{"href":"https:\/\/www.divipassion.com\/index.php?rest_route=\/wp\/v2\/pages\/409","targetHints":{"allow":["GET"]}}],"collection":[{"href":"https:\/\/www.divipassion.com\/index.php?rest_route=\/wp\/v2\/pages"}],"about":[{"href":"https:\/\/www.divipassion.com\/index.php?rest_route=\/wp\/v2\/types\/page"}],"author":[{"embeddable":true,"href":"https:\/\/www.divipassion.com\/index.php?rest_route=\/wp\/v2\/users\/2"}],"replies":[{"embeddable":true,"href":"https:\/\/www.divipassion.com\/index.php?rest_route=%2Fwp%2Fv2%2Fcomments&post=409"}],"version-history":[{"count":18,"href":"https:\/\/www.divipassion.com\/index.php?rest_route=\/wp\/v2\/pages\/409\/revisions"}],"predecessor-version":[{"id":1090,"href":"https:\/\/www.divipassion.com\/index.php?rest_route=\/wp\/v2\/pages\/409\/revisions\/1090"}],"wp:attachment":[{"href":"https:\/\/www.divipassion.com\/index.php?rest_route=%2Fwp%2Fv2%2Fmedia&parent=409"}],"curies":[{"name":"wp","href":"https:\/\/api.w.org\/{rel}","templated":true}]}}