{"id":262,"date":"2010-12-10T20:33:27","date_gmt":"2010-12-10T19:33:27","guid":{"rendered":"http:\/\/www.divipassion.com"},"modified":"2026-04-07T15:18:36","modified_gmt":"2026-04-07T14:18:36","slug":"informations-legales","status":"publish","type":"page","link":"https:\/\/www.divipassion.com\/?page_id=262","title":{"rendered":"Informations l\u00e9gales"},"content":{"rendered":"<blockquote>\n<h5 style=\"text-align: center;\">Association DiViPassion d\u00e9clar\u00e9e \u00e0 la sous pr\u00e9fecture<br \/>\nde Palaiseau le 19-09-2006. Paru au J.O du 14\/10\/2006.<\/h5>\n<h3 style=\"text-align: center;\">Divipassion<\/h3>\n<p style=\"text-align: center;\">14, rue Clos Perrault 91200 Athis Mons<br \/>\nT\u00e9l\u00e9phone : 06-08-33-17-90<\/p>\n<p style=\"text-align: center;\"><strong>Reponsable \u00e9ditorial<\/strong> : Christian Allain<br \/>\nAssociation DiViPassion (divipassion@orange.fr)<\/p>\n<p style=\"text-align: center;\">Ce site est h\u00e9berg\u00e9 par OVH<\/p>\n<\/blockquote>\n","protected":false},"excerpt":{"rendered":"<p>Association DiViPassion d\u00e9clar\u00e9e \u00e0 la sous pr\u00e9fecture de Palaiseau le 19-09-2006. Paru au J.O du 14\/10\/2006. Divipassion 14, rue Clos Perrault 91200 Athis Mons T\u00e9l\u00e9phone : 06-08-33-17-90 Reponsable \u00e9ditorial : Christian Allain Association DiViPassion (divipassion@orange.fr) Ce site est h\u00e9berg\u00e9 par &hellip; <a href=\"https:\/\/www.divipassion.com\/?page_id=262\">Lire la suite <span class=\"meta-nav\">&rarr;<\/span><\/a><\/p>\n","protected":false},"author":2,"featured_media":0,"parent":0,"menu_order":100,"comment_status":"closed","ping_status":"closed","template":"","meta":{"footnotes":""},"class_list":["post-262","page","type-page","status-publish","hentry"],"_links":{"self":[{"href":"https:\/\/www.divipassion.com\/index.php?rest_route=\/wp\/v2\/pages\/262","targetHints":{"allow":["GET"]}}],"collection":[{"href":"https:\/\/www.divipassion.com\/index.php?rest_route=\/wp\/v2\/pages"}],"about":[{"href":"https:\/\/www.divipassion.com\/index.php?rest_route=\/wp\/v2\/types\/page"}],"author":[{"embeddable":true,"href":"https:\/\/www.divipassion.com\/index.php?rest_route=\/wp\/v2\/users\/2"}],"replies":[{"embeddable":true,"href":"https:\/\/www.divipassion.com\/index.php?rest_route=%2Fwp%2Fv2%2Fcomments&post=262"}],"version-history":[{"count":8,"href":"https:\/\/www.divipassion.com\/index.php?rest_route=\/wp\/v2\/pages\/262\/revisions"}],"predecessor-version":[{"id":1880,"href":"https:\/\/www.divipassion.com\/index.php?rest_route=\/wp\/v2\/pages\/262\/revisions\/1880"}],"wp:attachment":[{"href":"https:\/\/www.divipassion.com\/index.php?rest_route=%2Fwp%2Fv2%2Fmedia&parent=262"}],"curies":[{"name":"wp","href":"https:\/\/api.w.org\/{rel}","templated":true}]}}