{"id":20,"date":"2010-12-04T21:41:15","date_gmt":"2010-12-04T20:41:15","guid":{"rendered":"http:\/\/www.divipassion.com\/?page_id=20"},"modified":"2016-06-25T10:38:46","modified_gmt":"2016-06-25T09:38:46","slug":"loffre-aux-particuliers","status":"publish","type":"page","link":"https:\/\/www.divipassion.com\/?page_id=20","title":{"rendered":"L&rsquo;offre aux particuliers"},"content":{"rendered":"<p>La journ\u00e9e des Associations d&rsquo;Athis-Mons a lieu le premier dimanche de Septembre au Gymnase Carpentier et ses abords (le long de la \u00ab\u00a0C\u00f4te d&rsquo;Avaucourt\u00a0\u00bb).<\/p>\n<p>Une bonne occasion de d\u00e9couvrir DiViPassion et ses membres qui seront pr\u00e9sent toute la journ\u00e9e sur leur stand ! \u00a0De nombreuses vid\u00e9os r\u00e9alis\u00e9es par l&rsquo;association y sont projet\u00e9es !<\/p>\n<p>Rendez vous,<strong>\u00a0de 9h \u00e0 19h, au Gymnase Georges Carpentier, Avenue de la Terrasse prolong\u00e9e \u00e0 Athis-Mons<\/strong>.<\/p>\n<p>Pour plus d&rsquo;informations sur la Journ\u00e9e des associations :\u00a0<a href=\"http:\/\/www.mairie-athis-mons.fr\/agenda\/evenement_2276.htm#fiche2276\">http:\/\/www.mairie-athis-mons.fr\/agenda<\/a><\/p>\n<p><img decoding=\"async\" class=\"imgFicheAgenda rs_skip\" src=\"http:\/\/www.mairie-athis-mons.fr\/agenda\/img\/vignette2706.jpg\" alt=\"F\u00eate des associations\" \/><a href=\"https:\/\/www.divipassion.com\/wp-content\/uploads\/2013\/09\/journee-des-assos-2013.jpg\"><img loading=\"lazy\" decoding=\"async\" title=\"journee des assos 2013\" src=\"https:\/\/www.divipassion.com\/wp-content\/uploads\/2013\/09\/journee-des-assos-2013.jpg\" alt=\"\" width=\"200\" height=\"300\" \/><\/a><\/p>\n<p>&nbsp;<\/p>\n","protected":false},"excerpt":{"rendered":"<p>La journ\u00e9e des Associations d&rsquo;Athis-Mons a lieu le premier dimanche de Septembre au Gymnase Carpentier et ses abords (le long de la \u00ab\u00a0C\u00f4te d&rsquo;Avaucourt\u00a0\u00bb). Une bonne occasion de d\u00e9couvrir DiViPassion et ses membres qui seront pr\u00e9sent toute la journ\u00e9e sur &hellip; <a href=\"https:\/\/www.divipassion.com\/?page_id=20\">Lire la suite <span class=\"meta-nav\">&rarr;<\/span><\/a><\/p>\n","protected":false},"author":2,"featured_media":0,"parent":687,"menu_order":0,"comment_status":"open","ping_status":"open","template":"","meta":{"footnotes":""},"class_list":["post-20","page","type-page","status-publish","hentry"],"_links":{"self":[{"href":"https:\/\/www.divipassion.com\/index.php?rest_route=\/wp\/v2\/pages\/20","targetHints":{"allow":["GET"]}}],"collection":[{"href":"https:\/\/www.divipassion.com\/index.php?rest_route=\/wp\/v2\/pages"}],"about":[{"href":"https:\/\/www.divipassion.com\/index.php?rest_route=\/wp\/v2\/types\/page"}],"author":[{"embeddable":true,"href":"https:\/\/www.divipassion.com\/index.php?rest_route=\/wp\/v2\/users\/2"}],"replies":[{"embeddable":true,"href":"https:\/\/www.divipassion.com\/index.php?rest_route=%2Fwp%2Fv2%2Fcomments&post=20"}],"version-history":[{"count":8,"href":"https:\/\/www.divipassion.com\/index.php?rest_route=\/wp\/v2\/pages\/20\/revisions"}],"predecessor-version":[{"id":740,"href":"https:\/\/www.divipassion.com\/index.php?rest_route=\/wp\/v2\/pages\/20\/revisions\/740"}],"up":[{"embeddable":true,"href":"https:\/\/www.divipassion.com\/index.php?rest_route=\/wp\/v2\/pages\/687"}],"wp:attachment":[{"href":"https:\/\/www.divipassion.com\/index.php?rest_route=%2Fwp%2Fv2%2Fmedia&parent=20"}],"curies":[{"name":"wp","href":"https:\/\/api.w.org\/{rel}","templated":true}]}}